{"id":216,"date":"2024-07-06T12:49:17","date_gmt":"2024-07-06T11:49:17","guid":{"rendered":"http:\/\/pxm.sfw.mybluehost.me\/?page_id=216"},"modified":"2025-06-11T22:50:22","modified_gmt":"2025-06-11T21:50:22","slug":"donations","status":"publish","type":"page","link":"https:\/\/cuidadbo.org\/pt\/donations\/","title":{"rendered":"DOA\u00c7\u00d5ES"},"content":{"rendered":"<div data-elementor-type=\"wp-page\" data-elementor-id=\"216\" class=\"elementor elementor-216\" data-elementor-post-type=\"page\">\n\t\t\t\t<div class=\"elementor-element elementor-element-43806988 e-con-full e-flex e-con e-child\" data-id=\"43806988\" data-element_type=\"container\" data-e-type=\"container\">\n\t\t\t\t<div class=\"elementor-element elementor-element-6f8f124e elementor-widget elementor-widget-heading\" data-id=\"6f8f124e\" data-element_type=\"widget\" data-e-type=\"widget\" data-widget_type=\"heading.default\">\n\t\t\t\t<div class=\"elementor-widget-container\">\n\t\t\t\t\t<h2 class=\"elementor-heading-title elementor-size-default\">DOA\u00c7\u00d5ES<\/h2>\t\t\t\t<\/div>\n\t\t\t\t<\/div>\n\t\t\t\t<div class=\"elementor-element elementor-element-206ee82f elementor-widget elementor-widget-heading\" data-id=\"206ee82f\" data-element_type=\"widget\" data-e-type=\"widget\" data-widget_type=\"heading.default\">\n\t\t\t\t<div class=\"elementor-widget-container\">\n\t\t\t\t\t<h2 class=\"elementor-heading-title elementor-size-default\">Uma \u00fanica doa\u00e7\u00e3o pode mudar o futuro de uma mulher.\n<\/h2>\t\t\t\t<\/div>\n\t\t\t\t<\/div>\n\t\t\t\t<\/div>\n\t\t<div class=\"elementor-element elementor-element-bbc95f4 e-con-full e-flex e-con e-parent\" data-id=\"bbc95f4\" data-element_type=\"container\" data-e-type=\"container\">\n\t\t\t\t<div class=\"elementor-element elementor-element-6a8c09e elementor-widget__width-initial elementor-widget elementor-widget-text-editor\" data-id=\"6a8c09e\" data-element_type=\"widget\" data-e-type=\"widget\" data-widget_type=\"text-editor.default\">\n\t\t\t\t<div class=\"elementor-widget-container\">\n\t\t\t\t\t\t\t\t\t<p>A tua doa\u00e7\u00e3o ajuda a cobrir consultas m\u00e9dicas, exames, tratamentos e materiais de sensibiliza\u00e7\u00e3o. Na sec\u00e7\u00e3o Os Nossos Documentos, encontrar\u00e1s toda a informa\u00e7\u00e3o sobre como as contribui\u00e7\u00f5es s\u00e3o utilizadas.\u00a0<\/p><p>Alguns exemplos de como a tua doa\u00e7\u00e3o pode contribuir:<\/p>\t\t\t\t\t\t\t\t<\/div>\n\t\t\t\t<\/div>\n\t\t\t\t<div class=\"elementor-element elementor-element-5edfe24 elementor-tabs-alignment-stretch elementor-widget__width-initial elementor-tabs-view-horizontal elementor-widget elementor-widget-tabs\" data-id=\"5edfe24\" data-element_type=\"widget\" data-e-type=\"widget\" data-widget_type=\"tabs.default\">\n\t\t\t\t<div class=\"elementor-widget-container\">\n\t\t\t\t\t\t\t<div class=\"elementor-tabs\">\n\t\t\t<div class=\"elementor-tabs-wrapper\" role=\"tablist\" >\n\t\t\t\t\t\t\t\t\t<div id=\"elementor-tab-title-9941\" class=\"elementor-tab-title elementor-tab-desktop-title\" aria-selected=\"true\" data-tab=\"1\" role=\"tab\" tabindex=\"0\" aria-controls=\"elementor-tab-content-9941\" aria-expanded=\"false\">5 \u20ac<\/div>\n\t\t\t\t\t\t\t\t\t<div id=\"elementor-tab-title-9942\" class=\"elementor-tab-title elementor-tab-desktop-title\" aria-selected=\"false\" data-tab=\"2\" role=\"tab\" tabindex=\"-1\" aria-controls=\"elementor-tab-content-9942\" aria-expanded=\"false\">20 \u20ac<\/div>\n\t\t\t\t\t\t\t\t\t<div id=\"elementor-tab-title-9943\" class=\"elementor-tab-title elementor-tab-desktop-title\" aria-selected=\"false\" data-tab=\"3\" role=\"tab\" tabindex=\"-1\" aria-controls=\"elementor-tab-content-9943\" aria-expanded=\"false\">50 \u20ac<\/div>\n\t\t\t\t\t\t\t<\/div>\n\t\t\t<div class=\"elementor-tabs-content-wrapper\" role=\"tablist\" aria-orientation=\"vertical\">\n\t\t\t\t\t\t\t\t\t<div class=\"elementor-tab-title elementor-tab-mobile-title\" aria-selected=\"true\" data-tab=\"1\" role=\"tab\" tabindex=\"0\" aria-controls=\"elementor-tab-content-9941\" aria-expanded=\"false\">5 \u20ac<\/div>\n\t\t\t\t\t<div id=\"elementor-tab-content-9941\" class=\"elementor-tab-content elementor-clearfix\" data-tab=\"1\" role=\"tabpanel\" aria-labelledby=\"elementor-tab-title-9941\" tabindex=\"0\" hidden=\"false\"><p>Pode cobrir o custo dos materiais para a nossa campanha de sensibiliza\u00e7\u00e3o sobre o cancro da mama porta-a-porta, alcan\u00e7ando 10 mulheres.<\/p><\/div>\n\t\t\t\t\t\t\t\t\t<div class=\"elementor-tab-title elementor-tab-mobile-title\" aria-selected=\"false\" data-tab=\"2\" role=\"tab\" tabindex=\"-1\" aria-controls=\"elementor-tab-content-9942\" aria-expanded=\"false\">20 \u20ac<\/div>\n\t\t\t\t\t<div id=\"elementor-tab-content-9942\" class=\"elementor-tab-content elementor-clearfix\" data-tab=\"2\" role=\"tabpanel\" aria-labelledby=\"elementor-tab-title-9942\" tabindex=\"0\" hidden=\"hidden\"><p>Pode contribuir para consultas m\u00e9dicas e exames para mulheres em situa\u00e7\u00e3o de vulnerabilidade.<\/p><\/div>\n\t\t\t\t\t\t\t\t\t<div class=\"elementor-tab-title elementor-tab-mobile-title\" aria-selected=\"false\" data-tab=\"3\" role=\"tab\" tabindex=\"-1\" aria-controls=\"elementor-tab-content-9943\" aria-expanded=\"false\">50 \u20ac<\/div>\n\t\t\t\t\t<div id=\"elementor-tab-content-9943\" class=\"elementor-tab-content elementor-clearfix\" data-tab=\"3\" role=\"tabpanel\" aria-labelledby=\"elementor-tab-title-9943\" tabindex=\"0\" hidden=\"hidden\"><p>Pode financiar exames ginecol\u00f3gicos essenciais para mulheres em comunidades carenciadas.<\/p><\/div>\n\t\t\t\t\t\t\t<\/div>\n\t\t<\/div>\n\t\t\t\t\t\t<\/div>\n\t\t\t\t<\/div>\n\t\t\t\t<\/div>\n\t\t<div class=\"elementor-element elementor-element-5b2386d e-con-full e-flex e-con e-parent\" data-id=\"5b2386d\" data-element_type=\"container\" data-e-type=\"container\">\n\t\t\t\t<div class=\"elementor-element elementor-element-a4dbcfd elementor-widget elementor-widget-heading\" data-id=\"a4dbcfd\" data-element_type=\"widget\" data-e-type=\"widget\" data-widget_type=\"heading.default\">\n\t\t\t\t<div class=\"elementor-widget-container\">\n\t\t\t\t\t<h2 class=\"elementor-heading-title elementor-size-default\">DOE ATRAV\u00c9S DO GOFUNDME:<\/h2>\t\t\t\t<\/div>\n\t\t\t\t<\/div>\n\t\t\t\t<div class=\"elementor-element elementor-element-6d6e17a elementor-align-center elementor-widget__width-initial elementor-widget elementor-widget-button\" data-id=\"6d6e17a\" data-element_type=\"widget\" data-e-type=\"widget\" data-widget_type=\"button.default\">\n\t\t\t\t<div class=\"elementor-widget-container\">\n\t\t\t\t\t\t\t\t\t<div class=\"elementor-button-wrapper\">\n\t\t\t\t\t<a class=\"elementor-button elementor-button-link elementor-size-sm\" href=\"https:\/\/www.gofundme.com\/f\/sao-vicente-fighting-breast-cancer?utm_campaign=p_lico+share-sheet&#038;utm_medium=copy_link&#038;utm_source=customer\">\n\t\t\t\t\t\t<span class=\"elementor-button-content-wrapper\">\n\t\t\t\t\t\t\t\t\t<span class=\"elementor-button-text\">GoFundMe<\/span>\n\t\t\t\t\t<\/span>\n\t\t\t\t\t<\/a>\n\t\t\t\t<\/div>\n\t\t\t\t\t\t\t\t<\/div>\n\t\t\t\t<\/div>\n\t\t\t\t<div class=\"elementor-element elementor-element-eeeadfd elementor-widget elementor-widget-heading\" data-id=\"eeeadfd\" data-element_type=\"widget\" data-e-type=\"widget\" data-widget_type=\"heading.default\">\n\t\t\t\t<div class=\"elementor-widget-container\">\n\t\t\t\t\t<h2 class=\"elementor-heading-title elementor-size-default\">DOE POR TRANSFER\u00caNCIA BANC\u00c1RIA:<\/h2>\t\t\t\t<\/div>\n\t\t\t\t<\/div>\n\t\t\t\t<div class=\"elementor-element elementor-element-78cf178 elementor-widget__width-initial elementor-widget elementor-widget-text-editor\" data-id=\"78cf178\" data-element_type=\"widget\" data-e-type=\"widget\" data-widget_type=\"text-editor.default\">\n\t\t\t\t<div class=\"elementor-widget-container\">\n\t\t\t\t\t\t\t\t\t<p>Nome: <strong>Cuida d\u2019bo<\/strong><br \/>IBAN: <strong>BE28 5230 8163 9420<\/strong><br \/>BIC: <strong>TRIOBEBB<\/strong><\/p>\t\t\t\t\t\t\t\t<\/div>\n\t\t\t\t<\/div>\n\t\t\t\t<\/div>\n\t\t\t\t<\/div>","protected":false},"excerpt":{"rendered":"<p>DONATIONS A single donation can change a woman\u2019s future. Your donation helps cover medical appointments, examinations, treatments, and awareness-raising materials. In Our Documents section you will find all the information about how your contributions are used.\u00a0 See some examples of what your donation can do: 5 \u20ac 20 \u20ac 50 \u20ac 5 \u20ac You can [&hellip;]<\/p>\n","protected":false},"author":3,"featured_media":0,"parent":0,"menu_order":0,"comment_status":"closed","ping_status":"closed","template":"","meta":{"nf_dc_page":"","footnotes":""},"class_list":["post-216","page","type-page","status-publish","hentry"],"_links":{"self":[{"href":"https:\/\/cuidadbo.org\/pt\/wp-json\/wp\/v2\/pages\/216","targetHints":{"allow":["GET"]}}],"collection":[{"href":"https:\/\/cuidadbo.org\/pt\/wp-json\/wp\/v2\/pages"}],"about":[{"href":"https:\/\/cuidadbo.org\/pt\/wp-json\/wp\/v2\/types\/page"}],"author":[{"embeddable":true,"href":"https:\/\/cuidadbo.org\/pt\/wp-json\/wp\/v2\/users\/3"}],"replies":[{"embeddable":true,"href":"https:\/\/cuidadbo.org\/pt\/wp-json\/wp\/v2\/comments?post=216"}],"version-history":[{"count":20,"href":"https:\/\/cuidadbo.org\/pt\/wp-json\/wp\/v2\/pages\/216\/revisions"}],"predecessor-version":[{"id":2512,"href":"https:\/\/cuidadbo.org\/pt\/wp-json\/wp\/v2\/pages\/216\/revisions\/2512"}],"wp:attachment":[{"href":"https:\/\/cuidadbo.org\/pt\/wp-json\/wp\/v2\/media?parent=216"}],"curies":[{"name":"wp","href":"https:\/\/api.w.org\/{rel}","templated":true}]}}