{"id":232,"date":"2024-07-06T12:56:15","date_gmt":"2024-07-06T11:56:15","guid":{"rendered":"http:\/\/pxm.sfw.mybluehost.me\/?page_id=232"},"modified":"2025-09-08T10:39:52","modified_gmt":"2025-09-08T09:39:52","slug":"our-partners","status":"publish","type":"page","link":"https:\/\/cuidadbo.org\/pt\/our-partners\/","title":{"rendered":"OS NOSSOS PARCEIROS"},"content":{"rendered":"<div data-elementor-type=\"wp-page\" data-elementor-id=\"232\" class=\"elementor elementor-232\" data-elementor-post-type=\"page\">\n\t\t\t\t<div class=\"elementor-element elementor-element-0fcb9c9 e-flex e-con-boxed e-con e-parent\" data-id=\"0fcb9c9\" data-element_type=\"container\" data-e-type=\"container\">\n\t\t\t\t\t<div class=\"e-con-inner\">\n\t\t\t\t<div class=\"elementor-element elementor-element-635c7e6 elementor-widget elementor-widget-heading\" data-id=\"635c7e6\" data-element_type=\"widget\" data-e-type=\"widget\" data-widget_type=\"heading.default\">\n\t\t\t\t<div class=\"elementor-widget-container\">\n\t\t\t\t\t<h2 class=\"elementor-heading-title elementor-size-default\">OS NOSSOS PARCEIROS<\/h2>\t\t\t\t<\/div>\n\t\t\t\t<\/div>\n\t\t\t\t<div class=\"elementor-element elementor-element-6d87544 elementor-widget elementor-widget-text-editor\" data-id=\"6d87544\" data-element_type=\"widget\" data-e-type=\"widget\" data-widget_type=\"text-editor.default\">\n\t\t\t\t<div class=\"elementor-widget-container\">\n\t\t\t\t\t\t\t\t\t<p>Estamos orgulhosos de colaborar com organiza\u00e7\u00f5es locais que apoiam os nossos esfor\u00e7os na sensibiliza\u00e7\u00e3o, fornecimento de assist\u00eancia \u00e0 sa\u00fade e fortalecimento da nossa comunidade de volunt\u00e1rios. \u00c0 medida que continuamos a expandir a nossa rede de parceiros a n\u00edvel local, nacional e internacional, permanecemos comprometidos com esfor\u00e7os colaborativos para alcan\u00e7ar um maior impacto nas comunidades que servimos.<\/p>\t\t\t\t\t\t\t\t<\/div>\n\t\t\t\t<\/div>\n\t\t\t\t<div class=\"elementor-element elementor-element-32a346c elementor-widget elementor-widget-text-editor\" data-id=\"32a346c\" data-element_type=\"widget\" data-e-type=\"widget\" data-widget_type=\"text-editor.default\">\n\t\t\t\t<div class=\"elementor-widget-container\">\n\t\t\t\t\t\t\t\t\t<p>Os nossos parceiros:<\/p><p>\u00a0<\/p>\t\t\t\t\t\t\t\t<\/div>\n\t\t\t\t<\/div>\n\t\t\t\t\t<\/div>\n\t\t\t\t<\/div>\n\t\t<div class=\"elementor-element elementor-element-6a7e556 e-flex e-con-boxed e-con e-parent\" data-id=\"6a7e556\" data-element_type=\"container\" data-e-type=\"container\">\n\t\t\t\t\t<div class=\"e-con-inner\">\n\t\t<div class=\"elementor-element elementor-element-205211e e-grid e-con-full e-con e-child\" data-id=\"205211e\" data-element_type=\"container\" data-e-type=\"container\">\n\t\t\t\t<div class=\"elementor-element elementor-element-c79c531 elementor-widget elementor-widget-image\" data-id=\"c79c531\" data-element_type=\"widget\" data-e-type=\"widget\" data-widget_type=\"image.default\">\n\t\t\t\t<div class=\"elementor-widget-container\">\n\t\t\t\t\t\t\t\t\t\t\t\t\t\t\t\t<a href=\"https:\/\/www.volunturismosaovicente.com\">\n\t\t\t\t\t\t\t<img fetchpriority=\"high\" decoding=\"async\" width=\"500\" height=\"500\" src=\"https:\/\/cuidadbo.org\/wp-content\/uploads\/2024\/07\/Logotipo-sem-fundo-vermelho.png\" class=\"attachment-large size-large wp-image-542\" alt=\"\" srcset=\"https:\/\/cuidadbo.org\/wp-content\/uploads\/2024\/07\/Logotipo-sem-fundo-vermelho.png 500w, https:\/\/cuidadbo.org\/wp-content\/uploads\/2024\/07\/Logotipo-sem-fundo-vermelho-12x12.png 12w\" sizes=\"(max-width: 500px) 100vw, 500px\" \/>\t\t\t\t\t\t\t\t<\/a>\n\t\t\t\t\t\t\t\t\t\t\t\t\t\t\t<\/div>\n\t\t\t\t<\/div>\n\t\t\t\t<div class=\"elementor-element elementor-element-82f2e2c elementor-widget elementor-widget-image\" data-id=\"82f2e2c\" data-element_type=\"widget\" data-e-type=\"widget\" data-widget_type=\"image.default\">\n\t\t\t\t<div class=\"elementor-widget-container\">\n\t\t\t\t\t\t\t\t\t\t\t\t\t\t\t\t<a href=\"https:\/\/www.volunturismosaovicente.com\">\n\t\t\t\t\t\t\t<img decoding=\"async\" width=\"2000\" height=\"1248\" src=\"https:\/\/cuidadbo.org\/wp-content\/uploads\/2025\/08\/logo-medicentro-FINAL.png\" class=\"attachment-large size-large wp-image-2601\" alt=\"\" srcset=\"https:\/\/cuidadbo.org\/wp-content\/uploads\/2025\/08\/logo-medicentro-FINAL.png 2000w, https:\/\/cuidadbo.org\/wp-content\/uploads\/2025\/08\/logo-medicentro-FINAL-768x479.png 768w, https:\/\/cuidadbo.org\/wp-content\/uploads\/2025\/08\/logo-medicentro-FINAL-1536x958.png 1536w, https:\/\/cuidadbo.org\/wp-content\/uploads\/2025\/08\/logo-medicentro-FINAL-18x12.png 18w\" sizes=\"(max-width: 2000px) 100vw, 2000px\" \/>\t\t\t\t\t\t\t\t<\/a>\n\t\t\t\t\t\t\t\t\t\t\t\t\t\t\t<\/div>\n\t\t\t\t<\/div>\n\t\t\t\t<div class=\"elementor-element elementor-element-f0eb671 elementor-widget elementor-widget-image\" data-id=\"f0eb671\" data-element_type=\"widget\" data-e-type=\"widget\" data-widget_type=\"image.default\">\n\t\t\t\t<div class=\"elementor-widget-container\">\n\t\t\t\t\t\t\t\t\t\t\t\t\t\t\t\t<a href=\"https:\/\/www.facebook.com\/sameg.sv\/\">\n\t\t\t\t\t\t\t<img decoding=\"async\" width=\"2560\" height=\"791\" src=\"https:\/\/cuidadbo.org\/wp-content\/uploads\/2024\/07\/20240528_170036664_iOS-scaled.jpg\" class=\"attachment-large size-large wp-image-544\" alt=\"\" srcset=\"https:\/\/cuidadbo.org\/wp-content\/uploads\/2024\/07\/20240528_170036664_iOS-scaled.jpg 2560w, https:\/\/cuidadbo.org\/wp-content\/uploads\/2024\/07\/20240528_170036664_iOS-768x237.jpg 768w, https:\/\/cuidadbo.org\/wp-content\/uploads\/2024\/07\/20240528_170036664_iOS-1536x475.jpg 1536w, https:\/\/cuidadbo.org\/wp-content\/uploads\/2024\/07\/20240528_170036664_iOS-2048x633.jpg 2048w, https:\/\/cuidadbo.org\/wp-content\/uploads\/2024\/07\/20240528_170036664_iOS-18x6.jpg 18w\" sizes=\"(max-width: 2560px) 100vw, 2560px\" \/>\t\t\t\t\t\t\t\t<\/a>\n\t\t\t\t\t\t\t\t\t\t\t\t\t\t\t<\/div>\n\t\t\t\t<\/div>\n\t\t\t\t<div class=\"elementor-element elementor-element-bafa30b elementor-widget elementor-widget-image\" data-id=\"bafa30b\" data-element_type=\"widget\" data-e-type=\"widget\" data-widget_type=\"image.default\">\n\t\t\t\t<div class=\"elementor-widget-container\">\n\t\t\t\t\t\t\t\t\t\t\t\t\t\t\t\t<a href=\"https:\/\/www.facebook.com\/ligac.ccancro\">\n\t\t\t\t\t\t\t<img loading=\"lazy\" decoding=\"async\" width=\"1982\" height=\"2002\" src=\"https:\/\/cuidadbo.org\/wp-content\/uploads\/2024\/07\/logo1-LCCC.jpg\" class=\"attachment-large size-large wp-image-543\" alt=\"\" srcset=\"https:\/\/cuidadbo.org\/wp-content\/uploads\/2024\/07\/logo1-LCCC.jpg 1982w, https:\/\/cuidadbo.org\/wp-content\/uploads\/2024\/07\/logo1-LCCC-768x776.jpg 768w, https:\/\/cuidadbo.org\/wp-content\/uploads\/2024\/07\/logo1-LCCC-1521x1536.jpg 1521w, https:\/\/cuidadbo.org\/wp-content\/uploads\/2024\/07\/logo1-LCCC-12x12.jpg 12w\" sizes=\"(max-width: 1982px) 100vw, 1982px\" \/>\t\t\t\t\t\t\t\t<\/a>\n\t\t\t\t\t\t\t\t\t\t\t\t\t\t\t<\/div>\n\t\t\t\t<\/div>\n\t\t\t\t<div class=\"elementor-element elementor-element-15d780b elementor-widget elementor-widget-image\" data-id=\"15d780b\" data-element_type=\"widget\" data-e-type=\"widget\" data-widget_type=\"image.default\">\n\t\t\t\t<div class=\"elementor-widget-container\">\n\t\t\t\t\t\t\t\t\t\t\t\t\t\t\t\t<a href=\"https:\/\/www.facebook.com\/ligac.ccancro\">\n\t\t\t\t\t\t\t<img loading=\"lazy\" decoding=\"async\" width=\"1244\" height=\"1197\" src=\"https:\/\/cuidadbo.org\/wp-content\/uploads\/2025\/09\/KYLLogo2.png\" class=\"attachment-large size-large wp-image-2606\" alt=\"\" srcset=\"https:\/\/cuidadbo.org\/wp-content\/uploads\/2025\/09\/KYLLogo2.png 1244w, https:\/\/cuidadbo.org\/wp-content\/uploads\/2025\/09\/KYLLogo2-768x739.png 768w, https:\/\/cuidadbo.org\/wp-content\/uploads\/2025\/09\/KYLLogo2-12x12.png 12w\" sizes=\"(max-width: 1244px) 100vw, 1244px\" \/>\t\t\t\t\t\t\t\t<\/a>\n\t\t\t\t\t\t\t\t\t\t\t\t\t\t\t<\/div>\n\t\t\t\t<\/div>\n\t\t\t\t<\/div>\n\t\t\t\t\t<\/div>\n\t\t\t\t<\/div>\n\t\t<div class=\"elementor-element elementor-element-66348be e-flex e-con-boxed e-con e-parent\" data-id=\"66348be\" data-element_type=\"container\" data-e-type=\"container\">\n\t\t\t\t\t<div class=\"e-con-inner\">\n\t\t\t\t<div class=\"elementor-element elementor-element-88144f9 elementor-widget elementor-widget-text-editor\" data-id=\"88144f9\" data-element_type=\"widget\" data-e-type=\"widget\" data-widget_type=\"text-editor.default\">\n\t\t\t\t<div class=\"elementor-widget-container\">\n\t\t\t\t\t\t\t\t\t<p>Est\u00e1s interessado em tornar-te nosso parceiro? Contacta-nos atrav\u00e9s de <span style=\"text-decoration: underline;\">hello@cuidadbo.org<\/span>, teremos todo o prazer em conversar!\u00a0<\/p>\t\t\t\t\t\t\t\t<\/div>\n\t\t\t\t<\/div>\n\t\t\t\t\t<\/div>\n\t\t\t\t<\/div>\n\t\t<div class=\"elementor-element elementor-element-6547459 e-flex e-con-boxed e-con e-parent\" data-id=\"6547459\" data-element_type=\"container\" data-e-type=\"container\">\n\t\t\t\t\t<div class=\"e-con-inner\">\n\t\t\t\t<div class=\"elementor-element elementor-element-d4c5d05 elementor-widget elementor-widget-spacer\" data-id=\"d4c5d05\" data-element_type=\"widget\" data-e-type=\"widget\" data-widget_type=\"spacer.default\">\n\t\t\t\t<div class=\"elementor-widget-container\">\n\t\t\t\t\t\t\t<div class=\"elementor-spacer\">\n\t\t\t<div class=\"elementor-spacer-inner\"><\/div>\n\t\t<\/div>\n\t\t\t\t\t\t<\/div>\n\t\t\t\t<\/div>\n\t\t\t\t\t<\/div>\n\t\t\t\t<\/div>\n\t\t<div class=\"elementor-element elementor-element-462b9edd e-flex e-con-boxed e-con e-parent\" data-id=\"462b9edd\" data-element_type=\"container\" data-e-type=\"container\">\n\t\t\t\t\t<div class=\"e-con-inner\">\n\t\t\t\t<div class=\"elementor-element elementor-element-7197ea46 elementor-widget elementor-widget-heading\" data-id=\"7197ea46\" data-element_type=\"widget\" data-e-type=\"widget\" data-widget_type=\"heading.default\">\n\t\t\t\t<div class=\"elementor-widget-container\">\n\t\t\t\t\t<h2 class=\"elementor-heading-title elementor-size-default\">APOIA A NOSSA MISS\u00c3O, COLABORA HOJE.<\/h2>\t\t\t\t<\/div>\n\t\t\t\t<\/div>\n\t\t\t\t\t<\/div>\n\t\t\t\t<\/div>\n\t\t\t\t<\/div>","protected":false},"excerpt":{"rendered":"<p>OUR PARTNERS We are proud to partner with local organisations that support our efforts in raising awareness, providing health assistance, and strengthening our volunteer community. As we continue to expand our network of partners locally, nationally, and internationally, we remain committed to collaborative efforts to achieve a greater positive impact in the communities we serve. [&hellip;]<\/p>\n","protected":false},"author":3,"featured_media":0,"parent":0,"menu_order":0,"comment_status":"closed","ping_status":"closed","template":"","meta":{"nf_dc_page":"","footnotes":""},"class_list":["post-232","page","type-page","status-publish","hentry"],"_links":{"self":[{"href":"https:\/\/cuidadbo.org\/pt\/wp-json\/wp\/v2\/pages\/232","targetHints":{"allow":["GET"]}}],"collection":[{"href":"https:\/\/cuidadbo.org\/pt\/wp-json\/wp\/v2\/pages"}],"about":[{"href":"https:\/\/cuidadbo.org\/pt\/wp-json\/wp\/v2\/types\/page"}],"author":[{"embeddable":true,"href":"https:\/\/cuidadbo.org\/pt\/wp-json\/wp\/v2\/users\/3"}],"replies":[{"embeddable":true,"href":"https:\/\/cuidadbo.org\/pt\/wp-json\/wp\/v2\/comments?post=232"}],"version-history":[{"count":17,"href":"https:\/\/cuidadbo.org\/pt\/wp-json\/wp\/v2\/pages\/232\/revisions"}],"predecessor-version":[{"id":2612,"href":"https:\/\/cuidadbo.org\/pt\/wp-json\/wp\/v2\/pages\/232\/revisions\/2612"}],"wp:attachment":[{"href":"https:\/\/cuidadbo.org\/pt\/wp-json\/wp\/v2\/media?parent=232"}],"curies":[{"name":"wp","href":"https:\/\/api.w.org\/{rel}","templated":true}]}}