{"id":31,"date":"2024-04-20T12:00:50","date_gmt":"2024-04-20T11:00:50","guid":{"rendered":"http:\/\/pxm.sfw.mybluehost.me\/?page_id=31"},"modified":"2025-07-16T12:36:26","modified_gmt":"2025-07-16T11:36:26","slug":"our-focus","status":"publish","type":"page","link":"https:\/\/cuidadbo.org\/pt\/our-focus\/","title":{"rendered":"O NOSSO FOCO"},"content":{"rendered":"<div data-elementor-type=\"wp-page\" data-elementor-id=\"31\" class=\"elementor elementor-31\" data-elementor-post-type=\"page\">\n\t\t\t\t<div class=\"elementor-element elementor-element-3d3f5789 e-con-full e-flex e-con e-child\" data-id=\"3d3f5789\" data-element_type=\"container\" data-e-type=\"container\">\n\t\t\t\t<div class=\"elementor-element elementor-element-37741c6d elementor-widget elementor-widget-heading\" data-id=\"37741c6d\" data-element_type=\"widget\" data-e-type=\"widget\" data-widget_type=\"heading.default\">\n\t\t\t\t<div class=\"elementor-widget-container\">\n\t\t\t\t\t<h2 class=\"elementor-heading-title elementor-size-default\">O NOSSO FOCO<\/h2>\t\t\t\t<\/div>\n\t\t\t\t<\/div>\n\t\t\t\t<\/div>\n\t\t\t\t<section class=\"elementor-section elementor-top-section elementor-element elementor-element-6083ab49 elementor-section-boxed elementor-section-height-default elementor-section-height-default\" data-id=\"6083ab49\" data-element_type=\"section\" data-e-type=\"section\" data-settings=\"{&quot;background_background&quot;:&quot;classic&quot;}\">\n\t\t\t\t\t\t<div class=\"elementor-container elementor-column-gap-default\">\n\t\t\t\t\t<div class=\"elementor-column elementor-col-50 elementor-top-column elementor-element elementor-element-2adbc27f\" data-id=\"2adbc27f\" data-element_type=\"column\" data-e-type=\"column\">\n\t\t\t<div class=\"elementor-widget-wrap elementor-element-populated\">\n\t\t\t\t\t\t<div class=\"elementor-element elementor-element-73aa03b7 elementor-widget elementor-widget-heading\" data-id=\"73aa03b7\" data-element_type=\"widget\" data-e-type=\"widget\" data-widget_type=\"heading.default\">\n\t\t\t\t<div class=\"elementor-widget-container\">\n\t\t\t\t\t<h3 class=\"elementor-heading-title elementor-size-default\">PROJETO CANCRO DA MAMA<\/h3>\t\t\t\t<\/div>\n\t\t\t\t<\/div>\n\t\t\t\t<div class=\"elementor-element elementor-element-22a46dae elementor-widget-divider--view-line elementor-widget elementor-widget-divider\" data-id=\"22a46dae\" data-element_type=\"widget\" data-e-type=\"widget\" data-widget_type=\"divider.default\">\n\t\t\t\t<div class=\"elementor-widget-container\">\n\t\t\t\t\t\t\t<div class=\"elementor-divider\">\n\t\t\t<span class=\"elementor-divider-separator\">\n\t\t\t\t\t\t<\/span>\n\t\t<\/div>\n\t\t\t\t\t\t<\/div>\n\t\t\t\t<\/div>\n\t\t\t\t<div class=\"elementor-element elementor-element-4fb93083 elementor-widget__width-initial elementor-widget elementor-widget-text-editor\" data-id=\"4fb93083\" data-element_type=\"widget\" data-e-type=\"widget\" data-widget_type=\"text-editor.default\">\n\t\t\t\t<div class=\"elementor-widget-container\">\n\t\t\t\t\t\t\t\t\t<p>O cancro da mama \u00e9 a forma de cancro mais prevalente em todo o mundo entre as mulheres.\u00a0<span style=\"color: var( --e-global-color-text );\">Aproximadamente 99% dos casos de cancro da mama ocorrem em mulheres, segundo dados da Organiza\u00e7\u00e3o Mundial da Sa\u00fade.<\/span><\/p><p>A dete\u00e7\u00e3o precoce desempenha um papel crucial na melhoria dos resultados.\u00a0<span style=\"color: var( --e-global-color-text );\">Por exemplo, dados da American Cancer Society mostram que a dete\u00e7\u00e3o precoce tem um impacto profundo nas taxas de sobreviv\u00eancia: quando identificado na fase inicial, a taxa de sobreviv\u00eancia a cinco anos \u00e9 de 99%, esta taxa desce para 22% quando detetado na fase avan\u00e7ada, est\u00e1dio 4.\u00a0<\/span><\/p><p>Estas estat\u00edsticas sublinham a import\u00e2ncia cr\u00edtica da dete\u00e7\u00e3o precoce atrav\u00e9s de exames regulares e autoexames, oferecendo \u00e0s mulheres a melhor op\u00e7\u00e3o de tratamento.<\/p><p>\u00a0<\/p>\t\t\t\t\t\t\t\t<\/div>\n\t\t\t\t<\/div>\n\t\t\t\t<div class=\"elementor-element elementor-element-415d6b4c elementor-invisible elementor-widget elementor-widget-image\" data-id=\"415d6b4c\" data-element_type=\"widget\" data-e-type=\"widget\" data-settings=\"{&quot;_animation&quot;:&quot;slideInLeft&quot;}\" data-widget_type=\"image.default\">\n\t\t\t\t<div class=\"elementor-widget-container\">\n\t\t\t\t\t\t\t\t\t\t\t\t\t\t\t<img fetchpriority=\"high\" decoding=\"async\" width=\"1012\" height=\"1800\" src=\"https:\/\/cuidadbo.org\/wp-content\/uploads\/2024\/10\/IMG_5837.jpg\" class=\"attachment-large size-large wp-image-2167\" alt=\"\" srcset=\"https:\/\/cuidadbo.org\/wp-content\/uploads\/2024\/10\/IMG_5837.jpg 1012w, https:\/\/cuidadbo.org\/wp-content\/uploads\/2024\/10\/IMG_5837-768x1366.jpg 768w, https:\/\/cuidadbo.org\/wp-content\/uploads\/2024\/10\/IMG_5837-864x1536.jpg 864w, https:\/\/cuidadbo.org\/wp-content\/uploads\/2024\/10\/IMG_5837-7x12.jpg 7w\" sizes=\"(max-width: 1012px) 100vw, 1012px\" \/>\t\t\t\t\t\t\t\t\t\t\t\t\t\t\t<\/div>\n\t\t\t\t<\/div>\n\t\t\t\t\t<\/div>\n\t\t<\/div>\n\t\t\t\t<div class=\"elementor-column elementor-col-50 elementor-top-column elementor-element elementor-element-587841d elementor-invisible\" data-id=\"587841d\" data-element_type=\"column\" data-e-type=\"column\" data-settings=\"{&quot;animation&quot;:&quot;slideInRight&quot;}\">\n\t\t\t<div class=\"elementor-widget-wrap elementor-element-populated\">\n\t\t\t\t\t\t<div class=\"elementor-element elementor-element-4ab5d6d2 elementor-widget elementor-widget-spacer\" data-id=\"4ab5d6d2\" data-element_type=\"widget\" data-e-type=\"widget\" data-widget_type=\"spacer.default\">\n\t\t\t\t<div class=\"elementor-widget-container\">\n\t\t\t\t\t\t\t<div class=\"elementor-spacer\">\n\t\t\t<div class=\"elementor-spacer-inner\"><\/div>\n\t\t<\/div>\n\t\t\t\t\t\t<\/div>\n\t\t\t\t<\/div>\n\t\t\t\t<div class=\"elementor-element elementor-element-3e0e2b6 elementor-widget elementor-widget-image\" data-id=\"3e0e2b6\" data-element_type=\"widget\" data-e-type=\"widget\" data-widget_type=\"image.default\">\n\t\t\t\t<div class=\"elementor-widget-container\">\n\t\t\t\t\t\t\t\t\t\t\t\t\t\t\t<img decoding=\"async\" width=\"1707\" height=\"2560\" src=\"https:\/\/cuidadbo.org\/wp-content\/uploads\/2024\/10\/IMG_7343-scaled.jpg\" class=\"attachment-large size-large wp-image-2169\" alt=\"\" srcset=\"https:\/\/cuidadbo.org\/wp-content\/uploads\/2024\/10\/IMG_7343-scaled.jpg 1707w, https:\/\/cuidadbo.org\/wp-content\/uploads\/2024\/10\/IMG_7343-768x1152.jpg 768w, https:\/\/cuidadbo.org\/wp-content\/uploads\/2024\/10\/IMG_7343-1024x1536.jpg 1024w\" sizes=\"(max-width: 1707px) 100vw, 1707px\" \/>\t\t\t\t\t\t\t\t\t\t\t\t\t\t\t<\/div>\n\t\t\t\t<\/div>\n\t\t\t\t<div class=\"elementor-element elementor-element-3c808d4e elementor-widget elementor-widget-spacer\" data-id=\"3c808d4e\" data-element_type=\"widget\" data-e-type=\"widget\" data-widget_type=\"spacer.default\">\n\t\t\t\t<div class=\"elementor-widget-container\">\n\t\t\t\t\t\t\t<div class=\"elementor-spacer\">\n\t\t\t<div class=\"elementor-spacer-inner\"><\/div>\n\t\t<\/div>\n\t\t\t\t\t\t<\/div>\n\t\t\t\t<\/div>\n\t\t\t\t<div class=\"elementor-element elementor-element-7f728655 elementor-widget elementor-widget-heading\" data-id=\"7f728655\" data-element_type=\"widget\" data-e-type=\"widget\" data-widget_type=\"heading.default\">\n\t\t\t\t<div class=\"elementor-widget-container\">\n\t\t\t\t\t<h3 class=\"elementor-heading-title elementor-size-default\">A REALIDADE<\/h3>\t\t\t\t<\/div>\n\t\t\t\t<\/div>\n\t\t\t\t<div class=\"elementor-element elementor-element-42f3516e elementor-widget-divider--view-line elementor-widget elementor-widget-divider\" data-id=\"42f3516e\" data-element_type=\"widget\" data-e-type=\"widget\" data-widget_type=\"divider.default\">\n\t\t\t\t<div class=\"elementor-widget-container\">\n\t\t\t\t\t\t\t<div class=\"elementor-divider\">\n\t\t\t<span class=\"elementor-divider-separator\">\n\t\t\t\t\t\t<\/span>\n\t\t<\/div>\n\t\t\t\t\t\t<\/div>\n\t\t\t\t<\/div>\n\t\t\t\t<div class=\"elementor-element elementor-element-7ba017be elementor-widget elementor-widget-text-editor\" data-id=\"7ba017be\" data-element_type=\"widget\" data-e-type=\"widget\" data-widget_type=\"text-editor.default\">\n\t\t\t\t<div class=\"elementor-widget-container\">\n\t\t\t\t\t\t\t\t\t<p>Em \u00c1frica, a situa\u00e7\u00e3o \u00e9 mais delicada e complexa. O cancro da mama \u00e9 o cancro mais comum entre as mulheres africanas e \u00e9 a segunda causa mais comum de mortes por cancro em \u00c1frica, segundo estimativas do GLOBOCAN (2018).<\/p><p>As desigualdades no cancro da mama em todo o mundo devem-se a uma combina\u00e7\u00e3o de fatores sociais, econ\u00f3micos, geogr\u00e1ficos, de estilo de vida e gen\u00e9ticos.\u00a0\u00a0<\/p><p>Em Cabo Verde, a aus\u00eancia de um registo formal de cancro, diagn\u00f3sticos tardios, servi\u00e7os insuficientes de diagn\u00f3stico e tratamento, e restri\u00e7\u00f5es financeiras agravam o problema. Al\u00e9m disso, o tratamento do cancro da mama em est\u00e1dios mais avan\u00e7ados muitas vezes envolve o envio das doentes para Portugal, acompanhado por longos processos burocr\u00e1ticos, o que pode comprometer as chances de sobreviv\u00eancia.\u00a0<\/p><p>Melhorar as taxas de dete\u00e7\u00e3o precoce em Cabo Verde \u00e9 vital para salvar a vida de milhares de mulheres.<\/p>\t\t\t\t\t\t\t\t<\/div>\n\t\t\t\t<\/div>\n\t\t\t\t\t<\/div>\n\t\t<\/div>\n\t\t\t\t\t<\/div>\n\t\t<\/section>\n\t\t<div class=\"elementor-element elementor-element-5e49529 e-con-full e-flex e-con e-parent\" data-id=\"5e49529\" data-element_type=\"container\" data-e-type=\"container\">\n\t\t<div class=\"elementor-element elementor-element-de3aafc e-con-full e-flex e-con e-child\" data-id=\"de3aafc\" data-element_type=\"container\" data-e-type=\"container\">\n\t\t\t\t<div class=\"elementor-element elementor-element-4d01249 elementor-widget elementor-widget-heading\" data-id=\"4d01249\" data-element_type=\"widget\" data-e-type=\"widget\" data-widget_type=\"heading.default\">\n\t\t\t\t<div class=\"elementor-widget-container\">\n\t\t\t\t\t<h2 class=\"elementor-heading-title elementor-size-default\">A NOSSA ABORDAGEM<\/h2>\t\t\t\t<\/div>\n\t\t\t\t<\/div>\n\t\t\t\t<div class=\"elementor-element elementor-element-edecbbf elementor-widget-divider--view-line elementor-widget elementor-widget-divider\" data-id=\"edecbbf\" data-element_type=\"widget\" data-e-type=\"widget\" data-widget_type=\"divider.default\">\n\t\t\t\t<div class=\"elementor-widget-container\">\n\t\t\t\t\t\t\t<div class=\"elementor-divider\">\n\t\t\t<span class=\"elementor-divider-separator\">\n\t\t\t\t\t\t<\/span>\n\t\t<\/div>\n\t\t\t\t\t\t<\/div>\n\t\t\t\t<\/div>\n\t\t\t\t<\/div>\n\t\t\t\t<\/div>\n\t\t<div class=\"elementor-element elementor-element-214b55e e-grid e-con-full e-con e-parent\" data-id=\"214b55e\" data-element_type=\"container\" data-e-type=\"container\">\n\t\t<div class=\"elementor-element elementor-element-1eb80f9 e-con-full e-flex e-con e-child\" data-id=\"1eb80f9\" data-element_type=\"container\" data-e-type=\"container\">\n\t\t\t\t<div class=\"elementor-element elementor-element-12ad8d0 elementor-flip-box--effect-flip elementor-flip-box--direction-up elementor-widget elementor-widget-flip-box\" data-id=\"12ad8d0\" data-element_type=\"widget\" data-e-type=\"widget\" data-widget_type=\"flip-box.default\">\n\t\t\t\t<div class=\"elementor-widget-container\">\n\t\t\t\t\t\t\t<div class=\"elementor-flip-box\" tabindex=\"0\">\n\t\t\t<div class=\"elementor-flip-box__layer elementor-flip-box__front\">\n\t\t\t\t<div class=\"elementor-flip-box__layer__overlay\">\n\t\t\t\t\t<div class=\"elementor-flip-box__layer__inner\">\n\t\t\t\t\t\t\n\t\t\t\t\t\t\t\t\t\t\t\t\t<h3 class=\"elementor-flip-box__layer__title\">\n\t\t\t\t\t\t\t\tEDUCATION &amp; AWARENESS RAISING\t\t\t\t\t\t\t<\/h3>\n\t\t\t\t\t\t\n\t\t\t\t\t\t\t\t\t\t\t<\/div>\n\t\t\t\t<\/div>\n\t\t\t<\/div>\n\t\t\t<div class=\"elementor-flip-box__layer elementor-flip-box__back\">\n\t\t\t<div class=\"elementor-flip-box__layer__overlay\">\n\t\t\t\t<div class=\"elementor-flip-box__layer__inner\">\n\t\t\t\t\t\n\t\t\t\t\t\t\t\t\t\t\t<div class=\"elementor-flip-box__layer__description\">\n\t\t\t\t\t\t\tRealiza\u00e7\u00e3o de atividades de sensibiliza\u00e7\u00e3o sobre a dete\u00e7\u00e3o do cancro da mama e preven\u00e7\u00e3o precoce. Enfatizamos a import\u00e2ncia do autoexame da mama e da consulta com um ginecologista. Durante estas atividades, recolhemos dados atrav\u00e9s de um formul\u00e1rio para avaliar e priorizar os casos.\t\t\t\t\t\t<\/div>\n\t\t\t\t\t\n\t\t\t\t\t\t\t\t<\/div>\n\t\t<\/div>\n\t\t<\/div>\n\t\t<\/div>\n\t\t\t\t\t\t<\/div>\n\t\t\t\t<\/div>\n\t\t\t\t<\/div>\n\t\t<div class=\"elementor-element elementor-element-007c45d e-con-full e-flex e-con e-child\" data-id=\"007c45d\" data-element_type=\"container\" data-e-type=\"container\">\n\t\t\t\t<div class=\"elementor-element elementor-element-56576a4 elementor-flip-box--effect-flip elementor-flip-box--direction-up elementor-widget elementor-widget-flip-box\" data-id=\"56576a4\" data-element_type=\"widget\" data-e-type=\"widget\" data-widget_type=\"flip-box.default\">\n\t\t\t\t<div class=\"elementor-widget-container\">\n\t\t\t\t\t\t\t<div class=\"elementor-flip-box\" tabindex=\"0\">\n\t\t\t<div class=\"elementor-flip-box__layer elementor-flip-box__front\">\n\t\t\t\t<div class=\"elementor-flip-box__layer__overlay\">\n\t\t\t\t\t<div class=\"elementor-flip-box__layer__inner\">\n\t\t\t\t\t\t\n\t\t\t\t\t\t\t\t\t\t\t\t\t<h3 class=\"elementor-flip-box__layer__title\">\n\t\t\t\t\t\t\t\tPRIORIZA\u00c7\u00c3O DE CASOS\t\t\t\t\t\t\t<\/h3>\n\t\t\t\t\t\t\n\t\t\t\t\t\t\t\t\t\t\t<\/div>\n\t\t\t\t<\/div>\n\t\t\t<\/div>\n\t\t\t<div class=\"elementor-flip-box__layer elementor-flip-box__back\">\n\t\t\t<div class=\"elementor-flip-box__layer__overlay\">\n\t\t\t\t<div class=\"elementor-flip-box__layer__inner\">\n\t\t\t\t\t\n\t\t\t\t\t\t\t\t\t\t\t<div class=\"elementor-flip-box__layer__description\">\n\t\t\t\t\t\t\tAn\u00e1lise dos dados recolhidos para identificar casos priorit\u00e1rios. Avalia\u00e7\u00e3o dos recursos dispon\u00edveis e encaminhamento das mulheres para consultas com parceiros.\t\t\t\t\t\t<\/div>\n\t\t\t\t\t\n\t\t\t\t\t\t\t\t<\/div>\n\t\t<\/div>\n\t\t<\/div>\n\t\t<\/div>\n\t\t\t\t\t\t<\/div>\n\t\t\t\t<\/div>\n\t\t\t\t<\/div>\n\t\t\t\t<\/div>\n\t\t<div class=\"elementor-element elementor-element-917a5de e-grid e-con-full e-con e-parent\" data-id=\"917a5de\" data-element_type=\"container\" data-e-type=\"container\">\n\t\t<div class=\"elementor-element elementor-element-3fed88d e-flex e-con-boxed e-con e-child\" data-id=\"3fed88d\" data-element_type=\"container\" data-e-type=\"container\">\n\t\t\t\t\t<div class=\"e-con-inner\">\n\t\t\t\t<div class=\"elementor-element elementor-element-89c035e elementor-widget__width-initial elementor-flip-box--effect-flip elementor-flip-box--direction-up elementor-widget elementor-widget-flip-box\" data-id=\"89c035e\" data-element_type=\"widget\" data-e-type=\"widget\" data-widget_type=\"flip-box.default\">\n\t\t\t\t<div class=\"elementor-widget-container\">\n\t\t\t\t\t\t\t<div class=\"elementor-flip-box\" tabindex=\"0\">\n\t\t\t<div class=\"elementor-flip-box__layer elementor-flip-box__front\">\n\t\t\t\t<div class=\"elementor-flip-box__layer__overlay\">\n\t\t\t\t\t<div class=\"elementor-flip-box__layer__inner\">\n\t\t\t\t\t\t\n\t\t\t\t\t\t\t\t\t\t\t\t\t<h3 class=\"elementor-flip-box__layer__title\">\n\t\t\t\t\t\t\t\tGUIDANCE &amp; MONITORING\t\t\t\t\t\t\t<\/h3>\n\t\t\t\t\t\t\n\t\t\t\t\t\t\t\t\t\t\t<\/div>\n\t\t\t\t<\/div>\n\t\t\t<\/div>\n\t\t\t<div class=\"elementor-flip-box__layer elementor-flip-box__back\">\n\t\t\t<div class=\"elementor-flip-box__layer__overlay\">\n\t\t\t\t<div class=\"elementor-flip-box__layer__inner\">\n\t\t\t\t\t\n\t\t\t\t\t\t\t\t\t\t\t<div class=\"elementor-flip-box__layer__description\">\n\t\t\t\t\t\t\tFacilitamos consultas para mulheres identificadas. O processo \u00e9 continuamente supervisionado para garantir que elas se sintam apoiadas e recebam a orienta\u00e7\u00e3o necess\u00e1ria antes, durante e ap\u00f3s as visitas ao ginecologista, com acompanhamento cont\u00ednuo ao longo de sua jornada de sa\u00fade.\t\t\t\t\t\t<\/div>\n\t\t\t\t\t\n\t\t\t\t\t\t\t\t<\/div>\n\t\t<\/div>\n\t\t<\/div>\n\t\t<\/div>\n\t\t\t\t\t\t<\/div>\n\t\t\t\t<\/div>\n\t\t\t\t\t<\/div>\n\t\t\t\t<\/div>\n\t\t\t\t<\/div>\n\t\t<div class=\"elementor-element elementor-element-a3d7756 e-flex e-con-boxed e-con e-parent\" data-id=\"a3d7756\" data-element_type=\"container\" data-e-type=\"container\">\n\t\t\t\t\t<div class=\"e-con-inner\">\n\t\t\t\t<div class=\"elementor-element elementor-element-6bc28c3 elementor-widget elementor-widget-image\" data-id=\"6bc28c3\" data-element_type=\"widget\" data-e-type=\"widget\" data-widget_type=\"image.default\">\n\t\t\t\t<div class=\"elementor-widget-container\">\n\t\t\t\t\t\t\t\t\t\t\t\t\t\t\t<img decoding=\"async\" width=\"1800\" height=\"1200\" src=\"https:\/\/cuidadbo.org\/wp-content\/uploads\/2024\/10\/IMG_7591.jpg\" class=\"attachment-large size-large wp-image-2161\" alt=\"\" srcset=\"https:\/\/cuidadbo.org\/wp-content\/uploads\/2024\/10\/IMG_7591.jpg 1800w, https:\/\/cuidadbo.org\/wp-content\/uploads\/2024\/10\/IMG_7591-768x512.jpg 768w, https:\/\/cuidadbo.org\/wp-content\/uploads\/2024\/10\/IMG_7591-1536x1024.jpg 1536w, https:\/\/cuidadbo.org\/wp-content\/uploads\/2024\/10\/IMG_7591-18x12.jpg 18w\" sizes=\"(max-width: 1800px) 100vw, 1800px\" \/>\t\t\t\t\t\t\t\t\t\t\t\t\t\t\t<\/div>\n\t\t\t\t<\/div>\n\t\t\t\t<div class=\"elementor-element elementor-element-22f1515b elementor-widget elementor-widget-heading\" data-id=\"22f1515b\" data-element_type=\"widget\" data-e-type=\"widget\" data-widget_type=\"heading.default\">\n\t\t\t\t<div class=\"elementor-widget-container\">\n\t\t\t\t\t<h2 class=\"elementor-heading-title elementor-size-default\">APOIA A NOSSA MISS\u00c3O, COLABORA HOJE.<\/h2>\t\t\t\t<\/div>\n\t\t\t\t<\/div>\n\t\t\t\t\t<\/div>\n\t\t\t\t<\/div>\n\t\t\t\t<\/div>","protected":false},"excerpt":{"rendered":"<p>OUR FOCUS BREAST CANCER PROJECT Breast cancer is the most prevalent form of cancer worldwide amongst women.\u00a0Approximately 99% of breast cancers occur in women according to World Heatlh Organization data. Early detection plays a pivotal role in improving outcomes.\u00a0For instance, data from American Cancer Society shows that early detection has a profound impact on survival [&hellip;]<\/p>\n","protected":false},"author":1,"featured_media":0,"parent":0,"menu_order":0,"comment_status":"closed","ping_status":"closed","template":"","meta":{"nf_dc_page":"","footnotes":""},"class_list":["post-31","page","type-page","status-publish","hentry"],"_links":{"self":[{"href":"https:\/\/cuidadbo.org\/pt\/wp-json\/wp\/v2\/pages\/31","targetHints":{"allow":["GET"]}}],"collection":[{"href":"https:\/\/cuidadbo.org\/pt\/wp-json\/wp\/v2\/pages"}],"about":[{"href":"https:\/\/cuidadbo.org\/pt\/wp-json\/wp\/v2\/types\/page"}],"author":[{"embeddable":true,"href":"https:\/\/cuidadbo.org\/pt\/wp-json\/wp\/v2\/users\/1"}],"replies":[{"embeddable":true,"href":"https:\/\/cuidadbo.org\/pt\/wp-json\/wp\/v2\/comments?post=31"}],"version-history":[{"count":20,"href":"https:\/\/cuidadbo.org\/pt\/wp-json\/wp\/v2\/pages\/31\/revisions"}],"predecessor-version":[{"id":2573,"href":"https:\/\/cuidadbo.org\/pt\/wp-json\/wp\/v2\/pages\/31\/revisions\/2573"}],"wp:attachment":[{"href":"https:\/\/cuidadbo.org\/pt\/wp-json\/wp\/v2\/media?parent=31"}],"curies":[{"name":"wp","href":"https:\/\/api.w.org\/{rel}","templated":true}]}}